{"id":3597,"date":"2019-05-21T14:42:05","date_gmt":"2019-05-21T14:42:05","guid":{"rendered":"https:\/\/www.arronax-nantes.fr\/gip-arronax\/arronax-en-8-questions\/"},"modified":"2020-09-29T15:12:56","modified_gmt":"2020-09-29T15:12:56","slug":"gip-arronax-in-8-questions","status":"publish","type":"page","link":"https:\/\/www.arronax-nantes.fr\/en\/gip-arronax\/gip-arronax-in-8-questions\/","title":{"rendered":"ARRONAX IN 8 QUESTIONS"},"content":{"rendered":"<table>\n<tbody>\n<tr>\n<td align=\"left\" valign=\"top\">\n<ul>\n<li><strong><u><a href=\"https:\/\/www.arronax-nantes.fr\/en\/gip-arronax\/gip-arronax-in-8-questions\/\">Arronax cyclotron in 8 questions<\/a><\/u><\/strong><\/li>\n<\/ul>\n<\/td>\n<td align=\"left\" valign=\"top\">\n<ul>\n<li><strong><a href=\"https:\/\/www.arronax-nantes.fr\/en\/gip-arronax\/gip-arronax-history\/\">History<\/a><\/strong><\/li>\n<\/ul>\n<\/td>\n<td align=\"left\" valign=\"top\">\n<ul>\n<li><strong><a href=\"https:\/\/www.arronax-nantes.fr\/en\/gip-arronax\/gip-arronax-missions-of-the-gip-arronax\/\">Missions<\/a><\/strong><\/li>\n<\/ul>\n<\/td>\n<td rowspan=\"2\" valign=\"top\" width=\"22%\">\n<ul>\n<li><a href=\"https:\/\/www.arronax-nantes.fr\/en\/gip-arronax\/gip-arronax-members\/\"><strong>Members<\/strong><\/a><\/li>\n<li><a href=\"https:\/\/www.arronax-nantes.fr\/en\/gip-arronax\/gip-arronax-scientific-council\/\"><strong>Scientific Council<\/strong><\/a><\/li>\n<li><a href=\"https:\/\/www.arronax-nantes.fr\/en\/recruitment\/job\/\"><strong>Recruitement<\/strong><\/a><\/li>\n<li><strong><a href=\"https:\/\/www.arronax-nantes.fr\/en\/invitation-to-tender\/gip-arronax-invitations-to-tender\/\">Invitation to tender<\/a><\/strong><\/li>\n<li><a href=\"https:\/\/www.arronax-nantes.fr\/en\/gip-arronax\/gip-arronax-certifications\/\"><strong>Certifications<\/strong><\/a><\/li>\n<li><a href=\"https:\/\/www.arronax-nantes.fr\/en\/gip-arronax\/gip-arronax-contact\/\"><strong>Contact us<\/strong><\/a><\/li>\n<\/ul>\n<\/td>\n<\/tr>\n<tr>\n<td colspan=\"3\" align=\"center\" width=\"75%\"><a href=\"https:\/\/www.arronax-nantes.fr\/gip-arronax\/\"><img decoding=\"async\" class=\"size-full wp-image-2240 aligncenter\" src=\"https:\/\/www.arronax-nantes.fr\/wp-content\/uploads\/2019\/05\/logo-arronax2.png\" alt=\"\" width=\"80%\" srcset=\"https:\/\/www.arronax-nantes.fr\/wp-content\/uploads\/2019\/05\/logo-arronax2.png 389w, https:\/\/www.arronax-nantes.fr\/wp-content\/uploads\/2019\/05\/logo-arronax2-300x77.png 300w, https:\/\/www.arronax-nantes.fr\/wp-content\/uploads\/2019\/05\/logo-arronax2-256x66.png 256w, https:\/\/www.arronax-nantes.fr\/wp-content\/uploads\/2019\/05\/logo-arronax2-360x93.png 360w, https:\/\/www.arronax-nantes.fr\/wp-content\/uploads\/2019\/05\/logo-arronax2-152x39.png 152w, https:\/\/www.arronax-nantes.fr\/wp-content\/uploads\/2019\/05\/logo-arronax2-158x41.png 158w, https:\/\/www.arronax-nantes.fr\/wp-content\/uploads\/2019\/05\/logo-arronax2-374x96.png 374w\" sizes=\"(max-width: 389px) 100vw, 389px\" \/><\/a><\/td>\n<\/tr>\n<tr>\n<td colspan=\"4\" align=\"center\">\n<hr \/>\n<\/td>\n<\/tr>\n<\/tbody>\n<\/table>\n<img loading=\"lazy\" decoding=\"async\" class=\"aligncenter size-full wp-image-2481\" src=\"https:\/\/www.arronax-nantes.fr\/wp-content\/uploads\/2019\/05\/bando.jpg\" alt=\"\" width=\"935\" height=\"141\" srcset=\"https:\/\/www.arronax-nantes.fr\/wp-content\/uploads\/2019\/05\/bando.jpg 935w, https:\/\/www.arronax-nantes.fr\/wp-content\/uploads\/2019\/05\/bando-300x45.jpg 300w, https:\/\/www.arronax-nantes.fr\/wp-content\/uploads\/2019\/05\/bando-768x116.jpg 768w, https:\/\/www.arronax-nantes.fr\/wp-content\/uploads\/2019\/05\/bando-256x39.jpg 256w, https:\/\/www.arronax-nantes.fr\/wp-content\/uploads\/2019\/05\/bando-360x54.jpg 360w, https:\/\/www.arronax-nantes.fr\/wp-content\/uploads\/2019\/05\/bando-152x23.jpg 152w, https:\/\/www.arronax-nantes.fr\/wp-content\/uploads\/2019\/05\/bando-158x24.jpg 158w, https:\/\/www.arronax-nantes.fr\/wp-content\/uploads\/2019\/05\/bando-374x56.jpg 374w\" sizes=\"auto, (max-width: 935px) 100vw, 935px\" \/>\n<ol>\n<li style=\"list-style-type: none\">\n<ol>\n<li><strong><a href=\"https:\/\/www.arronax-nantes.fr\/en\/gip-arronax\/gip-arronax-in-8-questions\/what-is-arronax\/\">What is ARRONAX?<\/a><\/strong><br \/>\nARRONAX is an acronym for <u>A<\/u>ccelerator for <u>R<\/u>esearch in <u>R<\/u>adiochemistry and <u>O<\/u>ncology in <u>N<\/u>antes\u00a0<u>A<\/u>tlantique. It is a particle accelerator (cyclotron). It is also an allusion to Professor Aronnax, a character in the novel entitled \u201c20,000 leagues under the sea\u201d by Jules Verne (born in Nantes in 1828).<\/li>\n<li><strong><a href=\"https:\/\/www.arronax-nantes.fr\/en\/gip-arronax\/gip-arronax-in-8-questions\/ou-est-installe-arronax\/\">Where is Arronax installed?<\/a><\/strong><br \/>\nThis large facility is installed at Saint-Herblain on the outskirts of Nantes, on the campus of the teaching hospital (H\u00f4pital Nord-La\u00ebnnec) and the ICO (Institut de Canc\u00e9rologie de l\u2019Ouest, St-Herblain).<\/li>\n<li><strong><a href=\"https:\/\/www.arronax-nantes.fr\/en\/gip-arronax\/gip-arronax-in-8-questions\/why-arronax\/\">What purpose does Arronax serve?<\/a><\/strong><br \/>\nArronax produces innovative radioisotopes (radioactive atoms) for research in nuclear medicine and research on the effects of radiation on non-living matter and living matter.<\/li>\n<li><strong><a href=\"https:\/\/www.arronax-nantes.fr\/en\/gip-arronax\/gip-arronax-in-8-questions\/what-are-the-fiels-of-application\/\">What are the fields of application in research?<\/a><\/strong><br \/>\nThe main fields of application in nuclear medicine are diagnosing oncology (imagery by Positron Emission Tomography, PET) and therapeutic oncology (vectorized radiotherapy), as well as PET imagery in cardiology.<br \/>\nA second key area of research is the study of the effects of radiation on non-living matter (radiolysis, non-destructive analysis of materials, etc.) and living matter (radiobiology, dosimetry, etc.).<\/li>\n<li><strong><a href=\"https:\/\/www.arronax-nantes.fr\/en\/gip-arronax\/gip-arronax-in-8-questions\/is-arronax-just-like-any-other-cyclotron\/\">Is Arronax just like any other cyclotron?<\/a><\/strong><br \/>\nA combination of several characteristics make Arronax a unique facility:<br \/>\n\u2013 70 MeV (70 million electron-volts) of energy, compared with a maximum of 30 MeV for most of the other cyclotrons used for medical purposes;<br \/>\n\u2013 a maximum intensity of 750 \u00b5A (2 X 375 microamperes), compared with 100 \u00b5A for most of the other \u201cmedical\u201d cyclotrons;<br \/>\n\u2013 the possibility of accelerating protons, deuterons and alpha particles, whereas most of the other \u201cmedical\u201d cyclotrons only accelerate protons.<\/li>\n<li><strong><a href=\"https:\/\/www.arronax-nantes.fr\/en\/gip-arronax\/gip-arronax-in-8-questions\/is-arronax-dangerous\/\">Is Arronax dangerous?<\/a><\/strong><br \/>\nArronax is an accelerator: it contains no \u201cfuel\u201d. This high-power cyclotron produces large amounts of varied radioisotopes, which are thus highly active. These active radioisotopes are not stored on the site but distributed to various different research laboratories. Furthermore, the physical half-lives of these radioisotopes are limited to a few days. Lastly, Arronax is protected by a thick concrete shield that blocks any leak while in operation. When it is not in operation, the radiation level drops quickly. Consequently, there is no risk of radioactive release in the long term, even in the event of a failure or a serious accident affecting the machine or the building.<\/li>\n<li><strong><a href=\"https:\/\/www.arronax-nantes.fr\/en\/gip-arronax\/gip-arronax-in-8-questions\/how-many-medical-cyclotrons-are-there-in-france\/\">How many medical cyclotrons are there in France?<\/a><\/strong><br \/>\nThere are over 200 cyclotrons used in part or in full for medical purposes in Europe. Most of them have energy and an intensity limited to the production of fluorine-18. In France, there are more than 31 cyclotrons dedicated to the production of radionuclides for nuclear medicine.<\/li>\n<li><strong><a href=\"https:\/\/www.arronax-nantes.fr\/en\/gip-arronax\/gip-arronax-in-8-questions\/who-uses-arronax\/\">Who uses Arronax?<\/a><\/strong><br \/>\nArronax was constructed on the joint initiative of <a href=\"http:\/\/www-subatech.in2p3.fr\/fr\/\">Subatech<\/a>\u00a0laboratory and the\u00a0<a href=\"http:\/\/www-subatech.in2p3.fr\/fr\/\">Oncology and Immunology research center of Nantes (CRCINA)<\/a>,\u00a0for which it is a major research tool. The cyclotron is open to projects proposed by any interested academic laboratories in Europe and, under certain conditions, to those proposed by industrialists. An international scientific council convenes every year to assess the work done with the cyclotron and advise management on the most promising orientations.<\/li>\n<\/ol>\n<\/li>\n<\/ol>\n","protected":false},"excerpt":{"rendered":"<p>Arronax cyclotron in 8 questions History Missions Members Scientific Council Recruitement Invitation to tender Certifications Contact us What is ARRONAX? ARRONAX is an acronym for Accelerator for Research in Radiochemistry and Oncology in Nantes\u00a0Atlantique. It is a particle accelerator (cyclotron). It is also an allusion to Professor Aronnax, a character in the novel entitled \u201c20,000 leagues under the sea\u201d by &hellip; <a href=\"https:\/\/www.arronax-nantes.fr\/en\/gip-arronax\/gip-arronax-in-8-questions\/\" class=\"more\"><\/a><\/p>\n","protected":false},"author":13,"featured_media":0,"parent":2738,"menu_order":0,"comment_status":"closed","ping_status":"closed","template":"","meta":{"_acf_changed":false,"footnotes":""},"class_list":["post-3597","page","type-page","status-publish","hentry"],"acf":[],"yoast_head":"<!-- This site is optimized with the Yoast SEO plugin v27.3 - https:\/\/yoast.com\/product\/yoast-seo-wordpress\/ -->\n<title>ARRONAX IN 8 QUESTIONS - Arronax Nantes<\/title>\n<meta name=\"robots\" content=\"index, follow, max-snippet:-1, max-image-preview:large, max-video-preview:-1\" \/>\n<link rel=\"canonical\" href=\"https:\/\/www.arronax-nantes.fr\/en\/gip-arronax\/gip-arronax-in-8-questions\/\" \/>\n<meta property=\"og:locale\" content=\"en_US\" \/>\n<meta property=\"og:type\" content=\"article\" \/>\n<meta property=\"og:title\" content=\"ARRONAX IN 8 QUESTIONS - Arronax Nantes\" \/>\n<meta property=\"og:description\" content=\"Arronax cyclotron in 8 questions History Missions Members Scientific Council Recruitement Invitation to tender Certifications Contact us What is ARRONAX? ARRONAX is an acronym for Accelerator for Research in Radiochemistry and Oncology in Nantes\u00a0Atlantique. It is a particle accelerator (cyclotron). It is also an allusion to Professor Aronnax, a character in the novel entitled \u201c20,000 leagues under the sea\u201d by &hellip;\" \/>\n<meta property=\"og:url\" content=\"https:\/\/www.arronax-nantes.fr\/en\/gip-arronax\/gip-arronax-in-8-questions\/\" \/>\n<meta property=\"og:site_name\" content=\"Arronax Nantes\" \/>\n<meta property=\"article:modified_time\" content=\"2020-09-29T15:12:56+00:00\" \/>\n<meta property=\"og:image\" content=\"https:\/\/www.arronax-nantes.fr\/wp-content\/uploads\/2019\/05\/logo-arronax2.png\" \/>\n\t<meta property=\"og:image:width\" content=\"389\" \/>\n\t<meta property=\"og:image:height\" content=\"100\" \/>\n\t<meta property=\"og:image:type\" content=\"image\/png\" \/>\n<meta name=\"twitter:card\" content=\"summary_large_image\" \/>\n<meta name=\"twitter:label1\" content=\"Est. reading time\" \/>\n\t<meta name=\"twitter:data1\" content=\"3 minutes\" \/>\n<script type=\"application\/ld+json\" class=\"yoast-schema-graph\">{\"@context\":\"https:\\\/\\\/schema.org\",\"@graph\":[{\"@type\":\"WebPage\",\"@id\":\"https:\\\/\\\/www.arronax-nantes.fr\\\/en\\\/gip-arronax\\\/gip-arronax-in-8-questions\\\/\",\"url\":\"https:\\\/\\\/www.arronax-nantes.fr\\\/en\\\/gip-arronax\\\/gip-arronax-in-8-questions\\\/\",\"name\":\"ARRONAX IN 8 QUESTIONS - Arronax Nantes\",\"isPartOf\":{\"@id\":\"https:\\\/\\\/www.arronax-nantes.fr\\\/#website\"},\"primaryImageOfPage\":{\"@id\":\"https:\\\/\\\/www.arronax-nantes.fr\\\/en\\\/gip-arronax\\\/gip-arronax-in-8-questions\\\/#primaryimage\"},\"image\":{\"@id\":\"https:\\\/\\\/www.arronax-nantes.fr\\\/en\\\/gip-arronax\\\/gip-arronax-in-8-questions\\\/#primaryimage\"},\"thumbnailUrl\":\"https:\\\/\\\/www.arronax-nantes.fr\\\/wp-content\\\/uploads\\\/2019\\\/05\\\/logo-arronax2.png\",\"datePublished\":\"2019-05-21T14:42:05+00:00\",\"dateModified\":\"2020-09-29T15:12:56+00:00\",\"breadcrumb\":{\"@id\":\"https:\\\/\\\/www.arronax-nantes.fr\\\/en\\\/gip-arronax\\\/gip-arronax-in-8-questions\\\/#breadcrumb\"},\"inLanguage\":\"en-US\",\"potentialAction\":[{\"@type\":\"ReadAction\",\"target\":[\"https:\\\/\\\/www.arronax-nantes.fr\\\/en\\\/gip-arronax\\\/gip-arronax-in-8-questions\\\/\"]}]},{\"@type\":\"ImageObject\",\"inLanguage\":\"en-US\",\"@id\":\"https:\\\/\\\/www.arronax-nantes.fr\\\/en\\\/gip-arronax\\\/gip-arronax-in-8-questions\\\/#primaryimage\",\"url\":\"https:\\\/\\\/www.arronax-nantes.fr\\\/wp-content\\\/uploads\\\/2019\\\/05\\\/logo-arronax2.png\",\"contentUrl\":\"https:\\\/\\\/www.arronax-nantes.fr\\\/wp-content\\\/uploads\\\/2019\\\/05\\\/logo-arronax2.png\"},{\"@type\":\"BreadcrumbList\",\"@id\":\"https:\\\/\\\/www.arronax-nantes.fr\\\/en\\\/gip-arronax\\\/gip-arronax-in-8-questions\\\/#breadcrumb\",\"itemListElement\":[{\"@type\":\"ListItem\",\"position\":1,\"name\":\"Arronax Nantes\",\"item\":\"https:\\\/\\\/www.arronax-nantes.fr\\\/en\\\/\"},{\"@type\":\"ListItem\",\"position\":2,\"name\":\"GIP ARRONAX\",\"item\":\"https:\\\/\\\/www.arronax-nantes.fr\\\/en\\\/gip-arronax\\\/\"},{\"@type\":\"ListItem\",\"position\":3,\"name\":\"ARRONAX IN 8 QUESTIONS\"}]},{\"@type\":\"WebSite\",\"@id\":\"https:\\\/\\\/www.arronax-nantes.fr\\\/#website\",\"url\":\"https:\\\/\\\/www.arronax-nantes.fr\\\/\",\"name\":\"Arronax Nantes\",\"description\":\"\",\"potentialAction\":[{\"@type\":\"SearchAction\",\"target\":{\"@type\":\"EntryPoint\",\"urlTemplate\":\"https:\\\/\\\/www.arronax-nantes.fr\\\/?s={search_term_string}\"},\"query-input\":{\"@type\":\"PropertyValueSpecification\",\"valueRequired\":true,\"valueName\":\"search_term_string\"}}],\"inLanguage\":\"en-US\"}]}<\/script>\n<!-- \/ Yoast SEO plugin. -->","yoast_head_json":{"title":"ARRONAX IN 8 QUESTIONS - Arronax Nantes","robots":{"index":"index","follow":"follow","max-snippet":"max-snippet:-1","max-image-preview":"max-image-preview:large","max-video-preview":"max-video-preview:-1"},"canonical":"https:\/\/www.arronax-nantes.fr\/en\/gip-arronax\/gip-arronax-in-8-questions\/","og_locale":"en_US","og_type":"article","og_title":"ARRONAX IN 8 QUESTIONS - Arronax Nantes","og_description":"Arronax cyclotron in 8 questions History Missions Members Scientific Council Recruitement Invitation to tender Certifications Contact us What is ARRONAX? ARRONAX is an acronym for Accelerator for Research in Radiochemistry and Oncology in Nantes\u00a0Atlantique. It is a particle accelerator (cyclotron). It is also an allusion to Professor Aronnax, a character in the novel entitled \u201c20,000 leagues under the sea\u201d by &hellip;","og_url":"https:\/\/www.arronax-nantes.fr\/en\/gip-arronax\/gip-arronax-in-8-questions\/","og_site_name":"Arronax Nantes","article_modified_time":"2020-09-29T15:12:56+00:00","og_image":[{"width":389,"height":100,"url":"https:\/\/www.arronax-nantes.fr\/wp-content\/uploads\/2019\/05\/logo-arronax2.png","type":"image\/png"}],"twitter_card":"summary_large_image","twitter_misc":{"Est. reading time":"3 minutes"},"schema":{"@context":"https:\/\/schema.org","@graph":[{"@type":"WebPage","@id":"https:\/\/www.arronax-nantes.fr\/en\/gip-arronax\/gip-arronax-in-8-questions\/","url":"https:\/\/www.arronax-nantes.fr\/en\/gip-arronax\/gip-arronax-in-8-questions\/","name":"ARRONAX IN 8 QUESTIONS - Arronax Nantes","isPartOf":{"@id":"https:\/\/www.arronax-nantes.fr\/#website"},"primaryImageOfPage":{"@id":"https:\/\/www.arronax-nantes.fr\/en\/gip-arronax\/gip-arronax-in-8-questions\/#primaryimage"},"image":{"@id":"https:\/\/www.arronax-nantes.fr\/en\/gip-arronax\/gip-arronax-in-8-questions\/#primaryimage"},"thumbnailUrl":"https:\/\/www.arronax-nantes.fr\/wp-content\/uploads\/2019\/05\/logo-arronax2.png","datePublished":"2019-05-21T14:42:05+00:00","dateModified":"2020-09-29T15:12:56+00:00","breadcrumb":{"@id":"https:\/\/www.arronax-nantes.fr\/en\/gip-arronax\/gip-arronax-in-8-questions\/#breadcrumb"},"inLanguage":"en-US","potentialAction":[{"@type":"ReadAction","target":["https:\/\/www.arronax-nantes.fr\/en\/gip-arronax\/gip-arronax-in-8-questions\/"]}]},{"@type":"ImageObject","inLanguage":"en-US","@id":"https:\/\/www.arronax-nantes.fr\/en\/gip-arronax\/gip-arronax-in-8-questions\/#primaryimage","url":"https:\/\/www.arronax-nantes.fr\/wp-content\/uploads\/2019\/05\/logo-arronax2.png","contentUrl":"https:\/\/www.arronax-nantes.fr\/wp-content\/uploads\/2019\/05\/logo-arronax2.png"},{"@type":"BreadcrumbList","@id":"https:\/\/www.arronax-nantes.fr\/en\/gip-arronax\/gip-arronax-in-8-questions\/#breadcrumb","itemListElement":[{"@type":"ListItem","position":1,"name":"Arronax Nantes","item":"https:\/\/www.arronax-nantes.fr\/en\/"},{"@type":"ListItem","position":2,"name":"GIP ARRONAX","item":"https:\/\/www.arronax-nantes.fr\/en\/gip-arronax\/"},{"@type":"ListItem","position":3,"name":"ARRONAX IN 8 QUESTIONS"}]},{"@type":"WebSite","@id":"https:\/\/www.arronax-nantes.fr\/#website","url":"https:\/\/www.arronax-nantes.fr\/","name":"Arronax Nantes","description":"","potentialAction":[{"@type":"SearchAction","target":{"@type":"EntryPoint","urlTemplate":"https:\/\/www.arronax-nantes.fr\/?s={search_term_string}"},"query-input":{"@type":"PropertyValueSpecification","valueRequired":true,"valueName":"search_term_string"}}],"inLanguage":"en-US"}]}},"_links":{"self":[{"href":"https:\/\/www.arronax-nantes.fr\/en\/wp-json\/wp\/v2\/pages\/3597","targetHints":{"allow":["GET"]}}],"collection":[{"href":"https:\/\/www.arronax-nantes.fr\/en\/wp-json\/wp\/v2\/pages"}],"about":[{"href":"https:\/\/www.arronax-nantes.fr\/en\/wp-json\/wp\/v2\/types\/page"}],"author":[{"embeddable":true,"href":"https:\/\/www.arronax-nantes.fr\/en\/wp-json\/wp\/v2\/users\/13"}],"replies":[{"embeddable":true,"href":"https:\/\/www.arronax-nantes.fr\/en\/wp-json\/wp\/v2\/comments?post=3597"}],"version-history":[{"count":5,"href":"https:\/\/www.arronax-nantes.fr\/en\/wp-json\/wp\/v2\/pages\/3597\/revisions"}],"predecessor-version":[{"id":3639,"href":"https:\/\/www.arronax-nantes.fr\/en\/wp-json\/wp\/v2\/pages\/3597\/revisions\/3639"}],"up":[{"embeddable":true,"href":"https:\/\/www.arronax-nantes.fr\/en\/wp-json\/wp\/v2\/pages\/2738"}],"wp:attachment":[{"href":"https:\/\/www.arronax-nantes.fr\/en\/wp-json\/wp\/v2\/media?parent=3597"}],"curies":[{"name":"wp","href":"https:\/\/api.w.org\/{rel}","templated":true}]}}