{"id":3703,"date":"2019-05-21T14:47:54","date_gmt":"2019-05-21T14:47:54","guid":{"rendered":"https:\/\/www.arronax-nantes.fr\/gip-arronax\/gip-arronax-in-8-questions\/ou-est-installe-arronax\/"},"modified":"2020-09-29T15:15:55","modified_gmt":"2020-09-29T15:15:55","slug":"ou-est-installe-arronax","status":"publish","type":"page","link":"https:\/\/www.arronax-nantes.fr\/en\/gip-arronax\/gip-arronax-in-8-questions\/ou-est-installe-arronax\/","title":{"rendered":"WHERE IS ARRONAX INSTALLED?"},"content":{"rendered":"<table>\n<tbody>\n<tr>\n<td align=\"left\" valign=\"top\">\n<ul>\n<li><strong><u><a href=\"https:\/\/www.arronax-nantes.fr\/en\/gip-arronax\/gip-arronax-in-8-questions\/\">Arronax cyclotron in 8 questions<\/a><\/u><\/strong><\/li>\n<\/ul>\n<\/td>\n<td align=\"left\" valign=\"top\">\n<ul>\n<li><strong><a href=\"https:\/\/www.arronax-nantes.fr\/en\/gip-arronax\/gip-arronax-history\/\">History<\/a><\/strong><\/li>\n<\/ul>\n<\/td>\n<td align=\"left\" valign=\"top\">\n<ul>\n<li><strong><a href=\"https:\/\/www.arronax-nantes.fr\/en\/gip-arronax\/gip-arronax-missions-of-the-gip-arronax\/\">Missions<\/a><\/strong><\/li>\n<\/ul>\n<\/td>\n<td rowspan=\"2\" valign=\"top\" width=\"22%\">\n<ul>\n<li><a href=\"https:\/\/www.arronax-nantes.fr\/en\/gip-arronax\/gip-arronax-members\/\"><strong>Members<\/strong><\/a><\/li>\n<li><a href=\"https:\/\/www.arronax-nantes.fr\/en\/gip-arronax\/gip-arronax-scientific-council\/\"><strong>Scientific Council<\/strong><\/a><\/li>\n<li><a href=\"https:\/\/www.arronax-nantes.fr\/en\/recruitment\/job\/\"><strong>Recruitement<\/strong><\/a><\/li>\n<li><strong><a href=\"https:\/\/www.arronax-nantes.fr\/en\/invitation-to-tender\/gip-arronax-invitations-to-tender\/\">Invitation to tender<\/a><\/strong><\/li>\n<li><a href=\"https:\/\/www.arronax-nantes.fr\/en\/gip-arronax\/gip-arronax-certifications\/\"><strong>Certifications<\/strong><\/a><\/li>\n<li><a href=\"https:\/\/www.arronax-nantes.fr\/en\/gip-arronax\/gip-arronax-contact\/\"><strong>Contact us<\/strong><\/a><\/li>\n<\/ul>\n<\/td>\n<\/tr>\n<tr>\n<td colspan=\"3\" align=\"center\" width=\"75%\"><a href=\"https:\/\/www.arronax-nantes.fr\/gip-arronax\/\"><img decoding=\"async\" class=\"size-full wp-image-2240 aligncenter\" src=\"https:\/\/www.arronax-nantes.fr\/wp-content\/uploads\/2019\/05\/logo-arronax2.png\" alt=\"\" width=\"80%\" srcset=\"https:\/\/www.arronax-nantes.fr\/wp-content\/uploads\/2019\/05\/logo-arronax2.png 389w, https:\/\/www.arronax-nantes.fr\/wp-content\/uploads\/2019\/05\/logo-arronax2-300x77.png 300w, https:\/\/www.arronax-nantes.fr\/wp-content\/uploads\/2019\/05\/logo-arronax2-256x66.png 256w, https:\/\/www.arronax-nantes.fr\/wp-content\/uploads\/2019\/05\/logo-arronax2-360x93.png 360w, https:\/\/www.arronax-nantes.fr\/wp-content\/uploads\/2019\/05\/logo-arronax2-152x39.png 152w, https:\/\/www.arronax-nantes.fr\/wp-content\/uploads\/2019\/05\/logo-arronax2-158x41.png 158w, https:\/\/www.arronax-nantes.fr\/wp-content\/uploads\/2019\/05\/logo-arronax2-374x96.png 374w\" sizes=\"(max-width: 389px) 100vw, 389px\" \/><\/a><\/td>\n<\/tr>\n<tr>\n<td colspan=\"4\" align=\"center\">\n<hr \/>\n<\/td>\n<\/tr>\n<\/tbody>\n<\/table>\n<p>This large facility is installed at Saint-Herblain on the outskirts of Nantes, on the campus of the Ren\u00e9 et Guillaume La\u00ebnnec teaching hospital and the ICO (Institut de Canc\u00e9rologie de l\u2019Ouest).<\/p>\n<p><iframe loading=\"lazy\" title=\"Vue ext\u00e9rieur Drone\" src=\"https:\/\/player.vimeo.com\/video\/292284018?dnt=1&amp;app_id=122963\" width=\"500\" height=\"281\" frameborder=\"0\" allow=\"autoplay; fullscreen; picture-in-picture; clipboard-write; encrypted-media; web-share\" referrerpolicy=\"strict-origin-when-cross-origin\"><\/iframe><\/p>\n<p style=\"text-align: center\">View of the Arronax cyclotron&#8217;s building<\/p>\n<p><a href=\"https:\/\/goo.gl\/maps\/GEMwJffZHbddAe8h8\" target=\"_blank\" rel=\"noopener noreferrer\"><br \/>\n<img loading=\"lazy\" decoding=\"async\" class=\"size-full wp-image-2197 alignleft\" style=\"border: 3px solid #111\" src=\"\/wp-content\/uploads\/2019\/05\/map.jpg\" alt=\"\" width=\"206\" height=\"206\" border=\"2\" srcset=\"https:\/\/www.arronax-nantes.fr\/wp-content\/uploads\/2019\/05\/map.jpg 206w, https:\/\/www.arronax-nantes.fr\/wp-content\/uploads\/2019\/05\/map-150x150.jpg 150w, https:\/\/www.arronax-nantes.fr\/wp-content\/uploads\/2019\/05\/map-80x80.jpg 80w, https:\/\/www.arronax-nantes.fr\/wp-content\/uploads\/2019\/05\/map-74x74.jpg 74w, https:\/\/www.arronax-nantes.fr\/wp-content\/uploads\/2019\/05\/map-61x61.jpg 61w\" sizes=\"auto, (max-width: 206px) 100vw, 206px\" \/> <\/a><\/p>\n<p>&nbsp;<\/p>\n<p><strong><a href=\"https:\/\/goo.gl\/maps\/GEMwJffZHbddAe8h8\">See the location<\/a><\/strong><\/p>\n<p><a href=\"https:\/\/goo.gl\/maps\/GEMwJffZHbddAe8h8\" target=\"_blank\" rel=\"noopener noreferrer\">\u00a0<\/a><\/p>\n","protected":false},"excerpt":{"rendered":"<p>Arronax cyclotron in 8 questions History Missions Members Scientific Council Recruitement Invitation to tender Certifications Contact us This large facility is installed at Saint-Herblain on the outskirts of Nantes, on the campus of the Ren\u00e9 et Guillaume La\u00ebnnec teaching hospital and the ICO (Institut de Canc\u00e9rologie de l\u2019Ouest). View of the Arronax cyclotron&#8217;s building &nbsp; See the location \u00a0<\/p>\n","protected":false},"author":13,"featured_media":0,"parent":3597,"menu_order":1,"comment_status":"closed","ping_status":"closed","template":"","meta":{"_acf_changed":false,"footnotes":""},"class_list":["post-3703","page","type-page","status-publish","hentry"],"acf":[],"yoast_head":"<!-- This site is optimized with the Yoast SEO plugin v27.3 - https:\/\/yoast.com\/product\/yoast-seo-wordpress\/ -->\n<title>WHERE IS ARRONAX INSTALLED? - Arronax Nantes<\/title>\n<meta name=\"robots\" content=\"index, follow, max-snippet:-1, max-image-preview:large, max-video-preview:-1\" \/>\n<link rel=\"canonical\" href=\"https:\/\/www.arronax-nantes.fr\/en\/gip-arronax\/gip-arronax-in-8-questions\/ou-est-installe-arronax\/\" \/>\n<meta property=\"og:locale\" content=\"en_US\" \/>\n<meta property=\"og:type\" content=\"article\" \/>\n<meta property=\"og:title\" content=\"WHERE IS ARRONAX INSTALLED? - Arronax Nantes\" \/>\n<meta property=\"og:description\" content=\"Arronax cyclotron in 8 questions History Missions Members Scientific Council Recruitement Invitation to tender Certifications Contact us This large facility is installed at Saint-Herblain on the outskirts of Nantes, on the campus of the Ren\u00e9 et Guillaume La\u00ebnnec teaching hospital and the ICO (Institut de Canc\u00e9rologie de l\u2019Ouest). View of the Arronax cyclotron&#8217;s building &nbsp; See the location \u00a0\" \/>\n<meta property=\"og:url\" content=\"https:\/\/www.arronax-nantes.fr\/en\/gip-arronax\/gip-arronax-in-8-questions\/ou-est-installe-arronax\/\" \/>\n<meta property=\"og:site_name\" content=\"Arronax Nantes\" \/>\n<meta property=\"article:modified_time\" content=\"2020-09-29T15:15:55+00:00\" \/>\n<meta property=\"og:image\" content=\"https:\/\/www.arronax-nantes.fr\/wp-content\/uploads\/2019\/05\/logo-arronax2.png\" \/>\n\t<meta property=\"og:image:width\" content=\"389\" \/>\n\t<meta property=\"og:image:height\" content=\"100\" \/>\n\t<meta property=\"og:image:type\" content=\"image\/png\" \/>\n<meta name=\"twitter:card\" content=\"summary_large_image\" \/>\n<script type=\"application\/ld+json\" class=\"yoast-schema-graph\">{\"@context\":\"https:\\\/\\\/schema.org\",\"@graph\":[{\"@type\":\"WebPage\",\"@id\":\"https:\\\/\\\/www.arronax-nantes.fr\\\/en\\\/gip-arronax\\\/gip-arronax-in-8-questions\\\/ou-est-installe-arronax\\\/\",\"url\":\"https:\\\/\\\/www.arronax-nantes.fr\\\/en\\\/gip-arronax\\\/gip-arronax-in-8-questions\\\/ou-est-installe-arronax\\\/\",\"name\":\"WHERE IS ARRONAX INSTALLED? - Arronax Nantes\",\"isPartOf\":{\"@id\":\"https:\\\/\\\/www.arronax-nantes.fr\\\/#website\"},\"primaryImageOfPage\":{\"@id\":\"https:\\\/\\\/www.arronax-nantes.fr\\\/en\\\/gip-arronax\\\/gip-arronax-in-8-questions\\\/ou-est-installe-arronax\\\/#primaryimage\"},\"image\":{\"@id\":\"https:\\\/\\\/www.arronax-nantes.fr\\\/en\\\/gip-arronax\\\/gip-arronax-in-8-questions\\\/ou-est-installe-arronax\\\/#primaryimage\"},\"thumbnailUrl\":\"https:\\\/\\\/www.arronax-nantes.fr\\\/wp-content\\\/uploads\\\/2019\\\/05\\\/logo-arronax2.png\",\"datePublished\":\"2019-05-21T14:47:54+00:00\",\"dateModified\":\"2020-09-29T15:15:55+00:00\",\"breadcrumb\":{\"@id\":\"https:\\\/\\\/www.arronax-nantes.fr\\\/en\\\/gip-arronax\\\/gip-arronax-in-8-questions\\\/ou-est-installe-arronax\\\/#breadcrumb\"},\"inLanguage\":\"en-US\",\"potentialAction\":[{\"@type\":\"ReadAction\",\"target\":[\"https:\\\/\\\/www.arronax-nantes.fr\\\/en\\\/gip-arronax\\\/gip-arronax-in-8-questions\\\/ou-est-installe-arronax\\\/\"]}]},{\"@type\":\"ImageObject\",\"inLanguage\":\"en-US\",\"@id\":\"https:\\\/\\\/www.arronax-nantes.fr\\\/en\\\/gip-arronax\\\/gip-arronax-in-8-questions\\\/ou-est-installe-arronax\\\/#primaryimage\",\"url\":\"https:\\\/\\\/www.arronax-nantes.fr\\\/wp-content\\\/uploads\\\/2019\\\/05\\\/logo-arronax2.png\",\"contentUrl\":\"https:\\\/\\\/www.arronax-nantes.fr\\\/wp-content\\\/uploads\\\/2019\\\/05\\\/logo-arronax2.png\"},{\"@type\":\"BreadcrumbList\",\"@id\":\"https:\\\/\\\/www.arronax-nantes.fr\\\/en\\\/gip-arronax\\\/gip-arronax-in-8-questions\\\/ou-est-installe-arronax\\\/#breadcrumb\",\"itemListElement\":[{\"@type\":\"ListItem\",\"position\":1,\"name\":\"Arronax Nantes\",\"item\":\"https:\\\/\\\/www.arronax-nantes.fr\\\/en\\\/\"},{\"@type\":\"ListItem\",\"position\":2,\"name\":\"GIP ARRONAX\",\"item\":\"https:\\\/\\\/www.arronax-nantes.fr\\\/en\\\/gip-arronax\\\/\"},{\"@type\":\"ListItem\",\"position\":3,\"name\":\"ARRONAX IN 8 QUESTIONS\",\"item\":\"https:\\\/\\\/www.arronax-nantes.fr\\\/en\\\/gip-arronax\\\/gip-arronax-in-8-questions\\\/\"},{\"@type\":\"ListItem\",\"position\":4,\"name\":\"WHERE IS ARRONAX INSTALLED?\"}]},{\"@type\":\"WebSite\",\"@id\":\"https:\\\/\\\/www.arronax-nantes.fr\\\/#website\",\"url\":\"https:\\\/\\\/www.arronax-nantes.fr\\\/\",\"name\":\"Arronax Nantes\",\"description\":\"\",\"potentialAction\":[{\"@type\":\"SearchAction\",\"target\":{\"@type\":\"EntryPoint\",\"urlTemplate\":\"https:\\\/\\\/www.arronax-nantes.fr\\\/?s={search_term_string}\"},\"query-input\":{\"@type\":\"PropertyValueSpecification\",\"valueRequired\":true,\"valueName\":\"search_term_string\"}}],\"inLanguage\":\"en-US\"}]}<\/script>\n<!-- \/ Yoast SEO plugin. -->","yoast_head_json":{"title":"WHERE IS ARRONAX INSTALLED? - Arronax Nantes","robots":{"index":"index","follow":"follow","max-snippet":"max-snippet:-1","max-image-preview":"max-image-preview:large","max-video-preview":"max-video-preview:-1"},"canonical":"https:\/\/www.arronax-nantes.fr\/en\/gip-arronax\/gip-arronax-in-8-questions\/ou-est-installe-arronax\/","og_locale":"en_US","og_type":"article","og_title":"WHERE IS ARRONAX INSTALLED? - Arronax Nantes","og_description":"Arronax cyclotron in 8 questions History Missions Members Scientific Council Recruitement Invitation to tender Certifications Contact us This large facility is installed at Saint-Herblain on the outskirts of Nantes, on the campus of the Ren\u00e9 et Guillaume La\u00ebnnec teaching hospital and the ICO (Institut de Canc\u00e9rologie de l\u2019Ouest). View of the Arronax cyclotron&#8217;s building &nbsp; See the location \u00a0","og_url":"https:\/\/www.arronax-nantes.fr\/en\/gip-arronax\/gip-arronax-in-8-questions\/ou-est-installe-arronax\/","og_site_name":"Arronax Nantes","article_modified_time":"2020-09-29T15:15:55+00:00","og_image":[{"width":389,"height":100,"url":"https:\/\/www.arronax-nantes.fr\/wp-content\/uploads\/2019\/05\/logo-arronax2.png","type":"image\/png"}],"twitter_card":"summary_large_image","schema":{"@context":"https:\/\/schema.org","@graph":[{"@type":"WebPage","@id":"https:\/\/www.arronax-nantes.fr\/en\/gip-arronax\/gip-arronax-in-8-questions\/ou-est-installe-arronax\/","url":"https:\/\/www.arronax-nantes.fr\/en\/gip-arronax\/gip-arronax-in-8-questions\/ou-est-installe-arronax\/","name":"WHERE IS ARRONAX INSTALLED? - Arronax Nantes","isPartOf":{"@id":"https:\/\/www.arronax-nantes.fr\/#website"},"primaryImageOfPage":{"@id":"https:\/\/www.arronax-nantes.fr\/en\/gip-arronax\/gip-arronax-in-8-questions\/ou-est-installe-arronax\/#primaryimage"},"image":{"@id":"https:\/\/www.arronax-nantes.fr\/en\/gip-arronax\/gip-arronax-in-8-questions\/ou-est-installe-arronax\/#primaryimage"},"thumbnailUrl":"https:\/\/www.arronax-nantes.fr\/wp-content\/uploads\/2019\/05\/logo-arronax2.png","datePublished":"2019-05-21T14:47:54+00:00","dateModified":"2020-09-29T15:15:55+00:00","breadcrumb":{"@id":"https:\/\/www.arronax-nantes.fr\/en\/gip-arronax\/gip-arronax-in-8-questions\/ou-est-installe-arronax\/#breadcrumb"},"inLanguage":"en-US","potentialAction":[{"@type":"ReadAction","target":["https:\/\/www.arronax-nantes.fr\/en\/gip-arronax\/gip-arronax-in-8-questions\/ou-est-installe-arronax\/"]}]},{"@type":"ImageObject","inLanguage":"en-US","@id":"https:\/\/www.arronax-nantes.fr\/en\/gip-arronax\/gip-arronax-in-8-questions\/ou-est-installe-arronax\/#primaryimage","url":"https:\/\/www.arronax-nantes.fr\/wp-content\/uploads\/2019\/05\/logo-arronax2.png","contentUrl":"https:\/\/www.arronax-nantes.fr\/wp-content\/uploads\/2019\/05\/logo-arronax2.png"},{"@type":"BreadcrumbList","@id":"https:\/\/www.arronax-nantes.fr\/en\/gip-arronax\/gip-arronax-in-8-questions\/ou-est-installe-arronax\/#breadcrumb","itemListElement":[{"@type":"ListItem","position":1,"name":"Arronax Nantes","item":"https:\/\/www.arronax-nantes.fr\/en\/"},{"@type":"ListItem","position":2,"name":"GIP ARRONAX","item":"https:\/\/www.arronax-nantes.fr\/en\/gip-arronax\/"},{"@type":"ListItem","position":3,"name":"ARRONAX IN 8 QUESTIONS","item":"https:\/\/www.arronax-nantes.fr\/en\/gip-arronax\/gip-arronax-in-8-questions\/"},{"@type":"ListItem","position":4,"name":"WHERE IS ARRONAX INSTALLED?"}]},{"@type":"WebSite","@id":"https:\/\/www.arronax-nantes.fr\/#website","url":"https:\/\/www.arronax-nantes.fr\/","name":"Arronax Nantes","description":"","potentialAction":[{"@type":"SearchAction","target":{"@type":"EntryPoint","urlTemplate":"https:\/\/www.arronax-nantes.fr\/?s={search_term_string}"},"query-input":{"@type":"PropertyValueSpecification","valueRequired":true,"valueName":"search_term_string"}}],"inLanguage":"en-US"}]}},"_links":{"self":[{"href":"https:\/\/www.arronax-nantes.fr\/en\/wp-json\/wp\/v2\/pages\/3703","targetHints":{"allow":["GET"]}}],"collection":[{"href":"https:\/\/www.arronax-nantes.fr\/en\/wp-json\/wp\/v2\/pages"}],"about":[{"href":"https:\/\/www.arronax-nantes.fr\/en\/wp-json\/wp\/v2\/types\/page"}],"author":[{"embeddable":true,"href":"https:\/\/www.arronax-nantes.fr\/en\/wp-json\/wp\/v2\/users\/13"}],"replies":[{"embeddable":true,"href":"https:\/\/www.arronax-nantes.fr\/en\/wp-json\/wp\/v2\/comments?post=3703"}],"version-history":[{"count":4,"href":"https:\/\/www.arronax-nantes.fr\/en\/wp-json\/wp\/v2\/pages\/3703\/revisions"}],"predecessor-version":[{"id":4297,"href":"https:\/\/www.arronax-nantes.fr\/en\/wp-json\/wp\/v2\/pages\/3703\/revisions\/4297"}],"up":[{"embeddable":true,"href":"https:\/\/www.arronax-nantes.fr\/en\/wp-json\/wp\/v2\/pages\/3597"}],"wp:attachment":[{"href":"https:\/\/www.arronax-nantes.fr\/en\/wp-json\/wp\/v2\/media?parent=3703"}],"curies":[{"name":"wp","href":"https:\/\/api.w.org\/{rel}","templated":true}]}}