{"id":872,"date":"2018-10-09T08:19:07","date_gmt":"2018-10-09T08:19:07","guid":{"rendered":"https:\/\/www.arronax-nantes.fr\/formation\/"},"modified":"2022-04-05T07:13:11","modified_gmt":"2022-04-05T07:13:11","slug":"formation","status":"publish","type":"page","link":"https:\/\/www.arronax-nantes.fr\/en\/formation\/","title":{"rendered":"Training activities"},"content":{"rendered":"<p>The members and partners of Arronax Nantes are strongly involved in higher education via the teacher-researchers working at Nantes University and the engineering schools IMT Atlantique and Centrale Nantes. Our interventions cover fields ranging from nuclear physics to nuclear medicine, chemistry, biology, pharmacy, engineering, computer science, etc&#8230; Our objective is to consolidate multidisciplinary training actions in our field and to promote them internationally.<\/p>\n<h3>A specialized initial training program<\/h3>\n<p>This program called INSTRUIRE was developed to allow students to perform work using the core facilities set up as part of the Equipex ArronaxPlus project. Nearly 60 students at different levels (bachelor, master &#8230;) are trained each year and more than 40 PhD&#8217;s are in progress or have been supported in recent years. These courses are part of <a href=\"http:\/\/www.labex-iron.com\/en\/projet-pedagogique\/\" target=\"_blank\" rel=\"noopener noreferrer\">a vast training system coordinated within the framework of the IRON labex<\/a>, which brings together several french universities to offer various training courses in several disciplines to students enrolling for a bachelor&#8217;s degree through to a doctorate.<\/p>\n<h3>A MOOC<\/h3>\n<p>Open online courses offer a modular tool that can be used on its own or as part of regular university courses. As part of a collaborative work between the IRON LabEx and Arronax Nantes, a MOOC piloted by Caroline Bodet-Milin and Micka\u00ebl Bourgeois was built under the title &#8220;<a href=\"https:\/\/www.fun-mooc.fr\/courses\/course-v1:univnantes+31009+session01\/about\" target=\"_blank\" rel=\"noopener noreferrer\">At the heart of medical radioactivity<\/a>&#8220;. The first version, in French, included 21 episodes and more than 2,500 learners registered. In 2019, a modified version with an English translation was put online. More than 2,000 learners followed this MOOC.<\/p>\n<h3>A thematic school<\/h3>\n<p>Arronax Nantes is also working on the development of a <a href=\"https:\/\/isinucmed.univ-nantes.fr\/home\/\" target=\"_blank\" rel=\"noopener noreferrer\">multidisciplinary thematic school<\/a>. This prefigures the establishment of an original doctoral training, truly multidisciplinary, around nuclear energy for health. It is supported by IRON and IGO labs, SIRIC ILIAD, Equipex ArronaxPlus, I-SITE NExT and all Arronax Nantes partners.<\/p>\n<h3>A continuing education program in radiation protection<\/h3>\n<p>A partnership has been concluded with <a href=\"https:\/\/www.apercora.com\/\" target=\"_blank\" rel=\"noopener noreferrer\">the french company Apercora<\/a> to offer continuous training in the field of radiation protection allowing professionals to acquire the theoretical and practical skills necessary to obtain their credentials.<\/p>\n<h3>Exhibitions for the public<\/h3>\n<p>Concerned with the dissemination of scientific and technical culture, Arronax Nantes members and partners develop scientific mediation tools and content to enable the public at large to take ownership of the issues and results of translational research in nuclear medicine.The traveling exhibition entitled <a href=\"https:\/\/www.arronax-nantes.fr\/formation\/thematique\/exposition-theranostique\/\">&#8220;Le th\u00e9ranostique, vers une m\u00e9decine nucl\u00e9aire personnalis\u00e9e&#8221;<\/a> presents the theranostic approach that combines diagnosis and therapy while showing the current capabilities to produce innovative radionuclides for the benefit of nuclear medicine. A second exhibition devoted to the use of the Arronax cyclotron for non-medical purposes, aimed in particular at high school students, is scheduled for early 2021.<\/p>\n","protected":false},"excerpt":{"rendered":"<p>The members and partners of Arronax Nantes are strongly involved in higher education via the teacher-researchers working at Nantes University and the engineering schools IMT Atlantique and Centrale Nantes. Our interventions cover fields ranging from nuclear physics to nuclear medicine, chemistry, biology, pharmacy, engineering, computer science, etc&#8230; Our objective is to consolidate multidisciplinary training actions in our field and to &hellip; <a href=\"https:\/\/www.arronax-nantes.fr\/en\/formation\/\" class=\"more\"><\/a><\/p>\n","protected":false},"author":2,"featured_media":0,"parent":0,"menu_order":0,"comment_status":"closed","ping_status":"closed","template":"page-axe-landing.php","meta":{"_acf_changed":false,"footnotes":""},"class_list":["post-872","page","type-page","status-publish","hentry"],"acf":[],"yoast_head":"<!-- This site is optimized with the Yoast SEO plugin v27.3 - https:\/\/yoast.com\/product\/yoast-seo-wordpress\/ -->\n<title>Training activities - Arronax Nantes<\/title>\n<meta name=\"robots\" content=\"index, follow, max-snippet:-1, max-image-preview:large, max-video-preview:-1\" \/>\n<link rel=\"canonical\" href=\"https:\/\/www.arronax-nantes.fr\/en\/formation\/\" \/>\n<meta property=\"og:locale\" content=\"en_US\" \/>\n<meta property=\"og:type\" content=\"article\" \/>\n<meta property=\"og:title\" content=\"Training activities - Arronax Nantes\" \/>\n<meta property=\"og:description\" content=\"The members and partners of Arronax Nantes are strongly involved in higher education via the teacher-researchers working at Nantes University and the engineering schools IMT Atlantique and Centrale Nantes. Our interventions cover fields ranging from nuclear physics to nuclear medicine, chemistry, biology, pharmacy, engineering, computer science, etc&#8230; Our objective is to consolidate multidisciplinary training actions in our field and to &hellip;\" \/>\n<meta property=\"og:url\" content=\"https:\/\/www.arronax-nantes.fr\/en\/formation\/\" \/>\n<meta property=\"og:site_name\" content=\"Arronax Nantes\" \/>\n<meta property=\"article:modified_time\" content=\"2022-04-05T07:13:11+00:00\" \/>\n<meta name=\"twitter:card\" content=\"summary_large_image\" \/>\n<meta name=\"twitter:label1\" content=\"Est. reading time\" \/>\n\t<meta name=\"twitter:data1\" content=\"2 minutes\" \/>\n<script type=\"application\/ld+json\" class=\"yoast-schema-graph\">{\"@context\":\"https:\\\/\\\/schema.org\",\"@graph\":[{\"@type\":\"WebPage\",\"@id\":\"https:\\\/\\\/www.arronax-nantes.fr\\\/en\\\/formation\\\/\",\"url\":\"https:\\\/\\\/www.arronax-nantes.fr\\\/en\\\/formation\\\/\",\"name\":\"Training activities - Arronax Nantes\",\"isPartOf\":{\"@id\":\"https:\\\/\\\/www.arronax-nantes.fr\\\/#website\"},\"datePublished\":\"2018-10-09T08:19:07+00:00\",\"dateModified\":\"2022-04-05T07:13:11+00:00\",\"breadcrumb\":{\"@id\":\"https:\\\/\\\/www.arronax-nantes.fr\\\/en\\\/formation\\\/#breadcrumb\"},\"inLanguage\":\"en-US\",\"potentialAction\":[{\"@type\":\"ReadAction\",\"target\":[\"https:\\\/\\\/www.arronax-nantes.fr\\\/en\\\/formation\\\/\"]}]},{\"@type\":\"BreadcrumbList\",\"@id\":\"https:\\\/\\\/www.arronax-nantes.fr\\\/en\\\/formation\\\/#breadcrumb\",\"itemListElement\":[{\"@type\":\"ListItem\",\"position\":1,\"name\":\"Arronax Nantes\",\"item\":\"https:\\\/\\\/www.arronax-nantes.fr\\\/en\\\/\"},{\"@type\":\"ListItem\",\"position\":2,\"name\":\"Training activities\"}]},{\"@type\":\"WebSite\",\"@id\":\"https:\\\/\\\/www.arronax-nantes.fr\\\/#website\",\"url\":\"https:\\\/\\\/www.arronax-nantes.fr\\\/\",\"name\":\"Arronax Nantes\",\"description\":\"\",\"potentialAction\":[{\"@type\":\"SearchAction\",\"target\":{\"@type\":\"EntryPoint\",\"urlTemplate\":\"https:\\\/\\\/www.arronax-nantes.fr\\\/?s={search_term_string}\"},\"query-input\":{\"@type\":\"PropertyValueSpecification\",\"valueRequired\":true,\"valueName\":\"search_term_string\"}}],\"inLanguage\":\"en-US\"}]}<\/script>\n<!-- \/ Yoast SEO plugin. -->","yoast_head_json":{"title":"Training activities - Arronax Nantes","robots":{"index":"index","follow":"follow","max-snippet":"max-snippet:-1","max-image-preview":"max-image-preview:large","max-video-preview":"max-video-preview:-1"},"canonical":"https:\/\/www.arronax-nantes.fr\/en\/formation\/","og_locale":"en_US","og_type":"article","og_title":"Training activities - Arronax Nantes","og_description":"The members and partners of Arronax Nantes are strongly involved in higher education via the teacher-researchers working at Nantes University and the engineering schools IMT Atlantique and Centrale Nantes. Our interventions cover fields ranging from nuclear physics to nuclear medicine, chemistry, biology, pharmacy, engineering, computer science, etc&#8230; Our objective is to consolidate multidisciplinary training actions in our field and to &hellip;","og_url":"https:\/\/www.arronax-nantes.fr\/en\/formation\/","og_site_name":"Arronax Nantes","article_modified_time":"2022-04-05T07:13:11+00:00","twitter_card":"summary_large_image","twitter_misc":{"Est. reading time":"2 minutes"},"schema":{"@context":"https:\/\/schema.org","@graph":[{"@type":"WebPage","@id":"https:\/\/www.arronax-nantes.fr\/en\/formation\/","url":"https:\/\/www.arronax-nantes.fr\/en\/formation\/","name":"Training activities - Arronax Nantes","isPartOf":{"@id":"https:\/\/www.arronax-nantes.fr\/#website"},"datePublished":"2018-10-09T08:19:07+00:00","dateModified":"2022-04-05T07:13:11+00:00","breadcrumb":{"@id":"https:\/\/www.arronax-nantes.fr\/en\/formation\/#breadcrumb"},"inLanguage":"en-US","potentialAction":[{"@type":"ReadAction","target":["https:\/\/www.arronax-nantes.fr\/en\/formation\/"]}]},{"@type":"BreadcrumbList","@id":"https:\/\/www.arronax-nantes.fr\/en\/formation\/#breadcrumb","itemListElement":[{"@type":"ListItem","position":1,"name":"Arronax Nantes","item":"https:\/\/www.arronax-nantes.fr\/en\/"},{"@type":"ListItem","position":2,"name":"Training activities"}]},{"@type":"WebSite","@id":"https:\/\/www.arronax-nantes.fr\/#website","url":"https:\/\/www.arronax-nantes.fr\/","name":"Arronax Nantes","description":"","potentialAction":[{"@type":"SearchAction","target":{"@type":"EntryPoint","urlTemplate":"https:\/\/www.arronax-nantes.fr\/?s={search_term_string}"},"query-input":{"@type":"PropertyValueSpecification","valueRequired":true,"valueName":"search_term_string"}}],"inLanguage":"en-US"}]}},"_links":{"self":[{"href":"https:\/\/www.arronax-nantes.fr\/en\/wp-json\/wp\/v2\/pages\/872","targetHints":{"allow":["GET"]}}],"collection":[{"href":"https:\/\/www.arronax-nantes.fr\/en\/wp-json\/wp\/v2\/pages"}],"about":[{"href":"https:\/\/www.arronax-nantes.fr\/en\/wp-json\/wp\/v2\/types\/page"}],"author":[{"embeddable":true,"href":"https:\/\/www.arronax-nantes.fr\/en\/wp-json\/wp\/v2\/users\/2"}],"replies":[{"embeddable":true,"href":"https:\/\/www.arronax-nantes.fr\/en\/wp-json\/wp\/v2\/comments?post=872"}],"version-history":[{"count":6,"href":"https:\/\/www.arronax-nantes.fr\/en\/wp-json\/wp\/v2\/pages\/872\/revisions"}],"predecessor-version":[{"id":5793,"href":"https:\/\/www.arronax-nantes.fr\/en\/wp-json\/wp\/v2\/pages\/872\/revisions\/5793"}],"wp:attachment":[{"href":"https:\/\/www.arronax-nantes.fr\/en\/wp-json\/wp\/v2\/media?parent=872"}],"curies":[{"name":"wp","href":"https:\/\/api.w.org\/{rel}","templated":true}]}}