{"id":890,"date":"2018-10-09T08:08:33","date_gmt":"2018-10-09T08:08:33","guid":{"rendered":"https:\/\/www.arronax-nantes.fr\/mention-legales\/"},"modified":"2022-02-15T14:37:36","modified_gmt":"2022-02-15T14:37:36","slug":"legal-terms","status":"publish","type":"page","link":"https:\/\/www.arronax-nantes.fr\/en\/legal-terms\/","title":{"rendered":"Legal Terms"},"content":{"rendered":"<p>Merci de lire attentivement les mentions l\u00e9gales avant de consulter ce site.<\/p>\n<p>Cyclotron ARRONAX &#8211; Groupement d\u2019Int\u00e9r\u00eat Public<\/p>\n<p>Si\u00e8ge Social &#8211; Adresse postale<br class=\"autobr\" \/>GIP ARRONAX\u00a0<br class=\"autobr\" \/>1, rue Aronnax\u00a0<br class=\"autobr\" \/>CS 10112 &#8211; 44817 SAINT-HERBLAIN Cedex<br class=\"autobr\" \/>T\u00e9l. +33 (0)2 28 21 21 21<\/p>\n<p>Les personnes concern\u00e9es par la diffusion d\u2019informations personnelles sur le site disposent d\u2019un droit d\u2019acc\u00e8s, de modification, de rectification et de suppression des donn\u00e9es qui les concernent. Pour l\u2019exercice de ce droit, elles peuvent s\u2019adresser (demande \u00e9crite) \u00e0\u00a0:\u00a0<br class=\"autobr\" \/>Cyclotron ARRONAX\u00a0<br class=\"autobr\" \/>1, rue Aronnax\u00a0<br class=\"autobr\" \/>CS 10112 &#8211; 44817 SAINT-HERBLAIN Cedex<\/p>\n<p><strong>Utilisation des documents pr\u00e9sent\u00e9s sur le site<\/strong><\/p>\n<p>Aucun des documents provenant du site\u00a0ne peut \u00eatre copi\u00e9, reproduit, publi\u00e9, t\u00e9l\u00e9charg\u00e9, post\u00e9, transmis ou distribu\u00e9 de quelque mani\u00e8re que ce soit, sauf dans le cas d\u2019un simple enregistrement des documents sur micro-ordinateur pour une utilisation personnelle et \u00e0 des fins non commerciales. Vous devez alors conserver les mentions de propri\u00e9t\u00e9 en mentionnant la source \u00ab\u00a0cyclotron ARRONAX\u00a0\u00bb.<\/p>\n<p>Pour une utilisation \u00e0 des fins professionnelles ou autres, merci de contacter arronax@arronax-nantes.fr .<\/p>\n","protected":false},"excerpt":{"rendered":"<p>Merci de lire attentivement les mentions l\u00e9gales avant de consulter ce site. Cyclotron ARRONAX &#8211; Groupement d\u2019Int\u00e9r\u00eat Public Si\u00e8ge Social &#8211; Adresse postaleGIP ARRONAX\u00a01, rue Aronnax\u00a0CS 10112 &#8211; 44817 SAINT-HERBLAIN CedexT\u00e9l. +33 (0)2 28 21 21 21 Les personnes concern\u00e9es par la diffusion d\u2019informations personnelles sur le site disposent d\u2019un droit d\u2019acc\u00e8s, de modification, de rectification et de suppression des &hellip; <a href=\"https:\/\/www.arronax-nantes.fr\/en\/legal-terms\/\" class=\"more\"><\/a><\/p>\n","protected":false},"author":2,"featured_media":0,"parent":0,"menu_order":0,"comment_status":"closed","ping_status":"closed","template":"","meta":{"_acf_changed":false,"footnotes":""},"class_list":["post-890","page","type-page","status-publish","hentry"],"acf":[],"yoast_head":"<!-- This site is optimized with the Yoast SEO plugin v27.3 - https:\/\/yoast.com\/product\/yoast-seo-wordpress\/ -->\n<title>Legal Terms - Arronax Nantes<\/title>\n<meta name=\"robots\" content=\"index, follow, max-snippet:-1, max-image-preview:large, max-video-preview:-1\" \/>\n<link rel=\"canonical\" href=\"https:\/\/www.arronax-nantes.fr\/en\/legal-terms\/\" \/>\n<meta property=\"og:locale\" content=\"en_US\" \/>\n<meta property=\"og:type\" content=\"article\" \/>\n<meta property=\"og:title\" content=\"Legal Terms - Arronax Nantes\" \/>\n<meta property=\"og:description\" content=\"Merci de lire attentivement les mentions l\u00e9gales avant de consulter ce site. Cyclotron ARRONAX &#8211; Groupement d\u2019Int\u00e9r\u00eat Public Si\u00e8ge Social &#8211; Adresse postaleGIP ARRONAX\u00a01, rue Aronnax\u00a0CS 10112 &#8211; 44817 SAINT-HERBLAIN CedexT\u00e9l. +33 (0)2 28 21 21 21 Les personnes concern\u00e9es par la diffusion d\u2019informations personnelles sur le site disposent d\u2019un droit d\u2019acc\u00e8s, de modification, de rectification et de suppression des &hellip;\" \/>\n<meta property=\"og:url\" content=\"https:\/\/www.arronax-nantes.fr\/en\/legal-terms\/\" \/>\n<meta property=\"og:site_name\" content=\"Arronax Nantes\" \/>\n<meta property=\"article:modified_time\" content=\"2022-02-15T14:37:36+00:00\" \/>\n<meta name=\"twitter:card\" content=\"summary_large_image\" \/>\n<meta name=\"twitter:label1\" content=\"Est. reading time\" \/>\n\t<meta name=\"twitter:data1\" content=\"1 minute\" \/>\n<script type=\"application\/ld+json\" class=\"yoast-schema-graph\">{\"@context\":\"https:\\\/\\\/schema.org\",\"@graph\":[{\"@type\":\"WebPage\",\"@id\":\"https:\\\/\\\/www.arronax-nantes.fr\\\/en\\\/legal-terms\\\/\",\"url\":\"https:\\\/\\\/www.arronax-nantes.fr\\\/en\\\/legal-terms\\\/\",\"name\":\"Legal Terms - Arronax Nantes\",\"isPartOf\":{\"@id\":\"https:\\\/\\\/www.arronax-nantes.fr\\\/#website\"},\"datePublished\":\"2018-10-09T08:08:33+00:00\",\"dateModified\":\"2022-02-15T14:37:36+00:00\",\"breadcrumb\":{\"@id\":\"https:\\\/\\\/www.arronax-nantes.fr\\\/en\\\/legal-terms\\\/#breadcrumb\"},\"inLanguage\":\"en-US\",\"potentialAction\":[{\"@type\":\"ReadAction\",\"target\":[\"https:\\\/\\\/www.arronax-nantes.fr\\\/en\\\/legal-terms\\\/\"]}]},{\"@type\":\"BreadcrumbList\",\"@id\":\"https:\\\/\\\/www.arronax-nantes.fr\\\/en\\\/legal-terms\\\/#breadcrumb\",\"itemListElement\":[{\"@type\":\"ListItem\",\"position\":1,\"name\":\"Arronax Nantes\",\"item\":\"https:\\\/\\\/www.arronax-nantes.fr\\\/en\\\/\"},{\"@type\":\"ListItem\",\"position\":2,\"name\":\"Legal Terms\"}]},{\"@type\":\"WebSite\",\"@id\":\"https:\\\/\\\/www.arronax-nantes.fr\\\/#website\",\"url\":\"https:\\\/\\\/www.arronax-nantes.fr\\\/\",\"name\":\"Arronax Nantes\",\"description\":\"\",\"potentialAction\":[{\"@type\":\"SearchAction\",\"target\":{\"@type\":\"EntryPoint\",\"urlTemplate\":\"https:\\\/\\\/www.arronax-nantes.fr\\\/?s={search_term_string}\"},\"query-input\":{\"@type\":\"PropertyValueSpecification\",\"valueRequired\":true,\"valueName\":\"search_term_string\"}}],\"inLanguage\":\"en-US\"}]}<\/script>\n<!-- \/ Yoast SEO plugin. -->","yoast_head_json":{"title":"Legal Terms - Arronax Nantes","robots":{"index":"index","follow":"follow","max-snippet":"max-snippet:-1","max-image-preview":"max-image-preview:large","max-video-preview":"max-video-preview:-1"},"canonical":"https:\/\/www.arronax-nantes.fr\/en\/legal-terms\/","og_locale":"en_US","og_type":"article","og_title":"Legal Terms - Arronax Nantes","og_description":"Merci de lire attentivement les mentions l\u00e9gales avant de consulter ce site. Cyclotron ARRONAX &#8211; Groupement d\u2019Int\u00e9r\u00eat Public Si\u00e8ge Social &#8211; Adresse postaleGIP ARRONAX\u00a01, rue Aronnax\u00a0CS 10112 &#8211; 44817 SAINT-HERBLAIN CedexT\u00e9l. +33 (0)2 28 21 21 21 Les personnes concern\u00e9es par la diffusion d\u2019informations personnelles sur le site disposent d\u2019un droit d\u2019acc\u00e8s, de modification, de rectification et de suppression des &hellip;","og_url":"https:\/\/www.arronax-nantes.fr\/en\/legal-terms\/","og_site_name":"Arronax Nantes","article_modified_time":"2022-02-15T14:37:36+00:00","twitter_card":"summary_large_image","twitter_misc":{"Est. reading time":"1 minute"},"schema":{"@context":"https:\/\/schema.org","@graph":[{"@type":"WebPage","@id":"https:\/\/www.arronax-nantes.fr\/en\/legal-terms\/","url":"https:\/\/www.arronax-nantes.fr\/en\/legal-terms\/","name":"Legal Terms - Arronax Nantes","isPartOf":{"@id":"https:\/\/www.arronax-nantes.fr\/#website"},"datePublished":"2018-10-09T08:08:33+00:00","dateModified":"2022-02-15T14:37:36+00:00","breadcrumb":{"@id":"https:\/\/www.arronax-nantes.fr\/en\/legal-terms\/#breadcrumb"},"inLanguage":"en-US","potentialAction":[{"@type":"ReadAction","target":["https:\/\/www.arronax-nantes.fr\/en\/legal-terms\/"]}]},{"@type":"BreadcrumbList","@id":"https:\/\/www.arronax-nantes.fr\/en\/legal-terms\/#breadcrumb","itemListElement":[{"@type":"ListItem","position":1,"name":"Arronax Nantes","item":"https:\/\/www.arronax-nantes.fr\/en\/"},{"@type":"ListItem","position":2,"name":"Legal Terms"}]},{"@type":"WebSite","@id":"https:\/\/www.arronax-nantes.fr\/#website","url":"https:\/\/www.arronax-nantes.fr\/","name":"Arronax Nantes","description":"","potentialAction":[{"@type":"SearchAction","target":{"@type":"EntryPoint","urlTemplate":"https:\/\/www.arronax-nantes.fr\/?s={search_term_string}"},"query-input":{"@type":"PropertyValueSpecification","valueRequired":true,"valueName":"search_term_string"}}],"inLanguage":"en-US"}]}},"_links":{"self":[{"href":"https:\/\/www.arronax-nantes.fr\/en\/wp-json\/wp\/v2\/pages\/890","targetHints":{"allow":["GET"]}}],"collection":[{"href":"https:\/\/www.arronax-nantes.fr\/en\/wp-json\/wp\/v2\/pages"}],"about":[{"href":"https:\/\/www.arronax-nantes.fr\/en\/wp-json\/wp\/v2\/types\/page"}],"author":[{"embeddable":true,"href":"https:\/\/www.arronax-nantes.fr\/en\/wp-json\/wp\/v2\/users\/2"}],"replies":[{"embeddable":true,"href":"https:\/\/www.arronax-nantes.fr\/en\/wp-json\/wp\/v2\/comments?post=890"}],"version-history":[{"count":1,"href":"https:\/\/www.arronax-nantes.fr\/en\/wp-json\/wp\/v2\/pages\/890\/revisions"}],"predecessor-version":[{"id":5616,"href":"https:\/\/www.arronax-nantes.fr\/en\/wp-json\/wp\/v2\/pages\/890\/revisions\/5616"}],"wp:attachment":[{"href":"https:\/\/www.arronax-nantes.fr\/en\/wp-json\/wp\/v2\/media?parent=890"}],"curies":[{"name":"wp","href":"https:\/\/api.w.org\/{rel}","templated":true}]}}